{"id":1100,"date":"2023-06-12T09:10:08","date_gmt":"2023-06-12T07:10:08","guid":{"rendered":"https:\/\/www.idroeco.com\/prodotto\/calido-110-scaldacqua-pensile-in-pom\/"},"modified":"2023-06-27T09:59:19","modified_gmt":"2023-06-27T07:59:19","slug":"calido-110-scaldacqua-pensile-in-pom","status":"publish","type":"product","link":"https:\/\/www.idroeco.com\/en\/prodotto\/calido-110-scaldacqua-pensile-in-pom\/","title":{"rendered":"Calido-110 Wall mounted heat pump for domestic hot water MAXA"},"content":{"rendered":"<h3><strong>Small size and is aesthetically cared for thanks to the all-Italian design<\/strong><\/h3>\n<p>Calido Pensile is a heat pump water heater with air source for wall application or on the ground. It can hold up to 110 liters of water, it has a small size and is aesthetically cared for thanks to the all-Italian design. Dedicated to the residential world, it is perfect for replacing electric water heaters on existing systems, thanks to the hot water temperature set-up functions, timer and holiday setting, anti-legionella function, which can also be controlled via Wi-Fi or an App. The installation is really simple, just connect the water inlet \/ outlet pipes, the condensate drain and the power supply. The kettle is made of steel with vitrification treatment, insulated with rigid polyurethane foam (PU). The 1.5kW integrated electric heater allows to heat the water from 62 \u00b0 C (maximum temperature with the heat pump only) to 75 \u00b0 C. The condenser is wrapped in a steel tank, which is not immersed in water while the rotary compressor guarantees maximum efficiency and silence, and finally the centrifugal fan allows the air ducting necessary for the correct operation of the heat pump. Access to the battery is facilitated by the special compartment. The machine has excellent yields even with external temperatures ranging from -5\u00b0C to +43\u00b0C thanks to the electronic expansion valve that improves its performance.<\/p>\n<p>&nbsp;<\/p>\n<p>Product type:<br \/>\n<strong>HEAT PUMP FOR DOMESTIC HOT WATER<\/strong><br \/>\nIntended use:<br \/>\n<strong>COMMERCIAL ACTIVITIES, DOMESTIC<\/strong><br \/>\nNeed:<br \/>\n<strong>WARM WATER<\/strong><\/p>\n<p>&nbsp;<\/p>\n<h4><strong>Technical features of Calido pensile<\/strong><\/h4>\n<p><strong>REFRIGERANT R134A<\/strong><\/p>\n<p><strong>ENERGY CLASS<\/strong><br \/>\nThe energy saving process was considered an essential aspect while studying and projecting of these units. The very low energy consumption levels together with the high efficiency of the compressors, heat exchangers and the use of the ecologic gas, guarantee to the most part of the models an A&#8221; energy class mark.<\/p>\n<p><strong>HOT SANITARY WATER<\/strong><br \/>\nThe installation of a supplementary exchanger working as a condensator in parallel to the air-condensating battery allows a hot sanitary water production independently from the unit working mode.<\/p>\n<p><strong>INTEGRATION HEAT COIL<\/strong><br \/>\nIntegration heat coil<\/p>\n<p>&nbsp;<\/p>\n<p>&nbsp;<\/p>\n<h4><strong>Technical Features<\/strong><\/h4>\n<p>\u2022 Water boiler with 100 litres capacity, made of S235 JR steel with internal enamel coating, thermic insulation in hard thick expanded polyurethane (PU) without CFC and HCFC.<br \/>\n\u2022 External coating in metal sheet varnished with epossidic powders (white).<br \/>\n\u2022 Mounting brackets for wall installation.<br \/>\n\u2022 Magnesium anode for corrosion prevention.<br \/>\n\u2022 Hydraulic links located on the bottom part.<br \/>\n\u2022 Non submerged capacitor wrapped around the steel boiler.<br \/>\n\u2022 Integrated electric resistance 1,5 kW 230V~ activable through switches located inside control panel for heating of ranging from 60\u00b0C (max temp with heating pump only) to 70\u00b0C.<br \/>\n\u2022 Rotary compressor for maximum efficiency and reducing noise.<br \/>\n\u2022 Centrifugal fan for canalization of the necessary air for the proper functioning of the heating pump.<br \/>\n\u2022 Winged pack evaporator.<br \/>\n\u2022 R134a refrigerant cooling fluid.<br \/>\n\u2022 Safety thermostat set at + 85\u00b0C<br \/>\n\u2022 Dry contact to start the unit from external switch<br \/>\n\u2022 Complete electronic control with control panel equipped with LCD touch display, water temp gauge, bright functioning heating pump and electric resistance gauge, commands with relative gauges for the activation of the various functioning modes, warnings for eventual alarm malfunction, such as:<br \/>\n\u2022 Antilegionella function,<br \/>\n\u2022 Setting \/ display of date and hour,<br \/>\n\u2022 Hot water temp setting.<\/p>\n<p>&nbsp;<\/p>\n<h4>Fitted Accessories<\/h4>\n<p>\u2022 Bracket for wall mounted<br \/>\n\u2022 Screws and dowels for mounting<br \/>\n\u2022 Spacers for wall mounted<br \/>\n\u2022 Dielectric couplings<\/p>\n<h4>Loose Accessories<\/h4>\n<p>Antivibration dampers for floor installation<\/p>\n<p>&nbsp;<\/p>\n<p>DOWNLOAD DATASHEET \u00a0<a href=\"https:\/\/www.idroeco.com\/wp-content\/uploads\/2023\/06\/CALIDO-110.pdf\">CALIDO 110<\/a><\/p>\n","protected":false},"excerpt":{"rendered":"<p>Small size and is aesthetically cared for thanks to the all-Italian design Calido Pensile is a heat pump water heater with air source for wall application or on the ground. It can hold up to 110 liters of water, it has a small size and is aesthetically cared for thanks to the all-Italian design. Dedicated [&hellip;]<\/p>\n","protected":false},"featured_media":801,"comment_status":"closed","ping_status":"closed","template":"","meta":{"_et_pb_use_builder":"off","_et_pb_old_content":"<h1 id=\"template-A85pX7L-#1\" class=\"uk-margin-small uk-width-xlarge\">Scaldacqua pensile in pompa di calore<\/h1>\r\n<h4>Dimensioni ridotte ed estetica curata<\/h4>\r\nCalido Pensile \u00e8 uno scaldacqua a pompa di calore con sorgente ad aria ad applicazione murale o a terra. Pu\u00f2 contenere fino a 110 Litri d\u2019acqua, ha dimensioni ridotte ed estetica curata. \u00c8 perfetto per la sostituzione degli scaldacqua elettrici su impianti esistenti, grazie anche alle funzioni di set della temperatura dell\u2019acqua calda, impostazione timer e vacanza, funzione antilegionella, gestibili anche da connessione Wi-Fi o App. L\u2019installazione \u00e8 veramente semplice, basta collegare i tubi di ingresso\/uscita acqua, lo scarico condensa e l\u2019alimentazione. Il bollitore, \u00e8 realizzato in acciaio vetrificato, coibentato in poliuretano espanso rigido (PU). La resistenza elettrica integrata da 1.5kW permette di riscaldare l\u2019acqua da 62\u00b0C (temperatura massima con la sola pompa di calore) a 75\u00b0C. Il condensatore \u00e8 avvolto al bollitore in acciaio, che non \u00e8 immerso in acqua mentre il compressore rotativo garantisce la massima efficienza e silenziosit\u00e0 ed infine il ventilatore centrifugo permette la canalizzazione dell\u2019aria necessaria al corretto funzionamento della pompa di calore. L\u2019accesso alla batteria \u00e8 facilitato dall\u2019 apposito vano. Ottime rese anche con temperature esterne che vanno da -5\u00b0C a +43\u00b0C grazie anche alla valvola di espansione elettronica che ne migliora le prestazioni e lo fa rientrare nel conto termico.\r\n<div class=\"uk-panel uk-text-small uk-text-muted red-decoration uk-margin-remove-bottom uk-width-large uk-margin-auto-left uk-scrollspy-inview \">Tipologia prodotto:<\/div>\r\n<div id=\"template-A85pX7L-#21\" class=\"uk-margin-small uk-width-large uk-margin-auto-left uk-scrollspy-inview \">\r\n<ul class=\"uk-margin-remove-bottom uk-subnav\">\r\n \t<li class=\"el-item uk-first-column\"><span style=\"color: #333300\"><a class=\"el-content uk-disabled\" style=\"color: #333300\">SCALDACQUA IN POMPE DI CALORE<\/a><\/span><\/li>\r\n<\/ul>\r\n<\/div>\r\n\r\n<hr class=\"uk-margin-small uk-width-large uk-margin-auto-left uk-scrollspy-inview \" \/>\r\n\r\n<div class=\"uk-panel uk-text-small uk-text-muted red-decoration uk-margin-remove-bottom uk-width-large uk-margin-auto-left uk-scrollspy-inview \">Destinazione d\u2019uso:<\/div>\r\n<div id=\"template-A85pX7L-#22\" class=\"uk-margin-small uk-width-large uk-margin-auto-left uk-scrollspy-inview \">\r\n<ul class=\"uk-margin-remove-bottom uk-subnav\">\r\n \t<li class=\"el-item uk-first-column\"><span style=\"color: #333300\"><a class=\"el-content uk-disabled\" style=\"color: #333300\">DOMESTICO, ATTIVIT\u00c0 COMMERCIALE<\/a><\/span><\/li>\r\n<\/ul>\r\n<\/div>\r\n\r\n<hr class=\"uk-margin-small uk-width-large uk-margin-auto-left uk-scrollspy-inview \" \/>\r\n\r\n<div class=\"uk-panel uk-text-small uk-text-muted red-decoration uk-margin-remove-bottom uk-width-large uk-margin-auto-left uk-scrollspy-inview \">Esigenza<\/div>\r\n<div id=\"template-A85pX7L-#23\" class=\"uk-margin-small uk-width-large uk-margin-auto-left uk-scrollspy-inview \">\r\n<ul class=\"uk-margin-remove-bottom uk-subnav\">\r\n \t<li class=\"el-item uk-first-column\"><span style=\"color: #333300\"><a class=\"el-content uk-disabled\" style=\"color: #333300\">ACQUA CALDA<\/a><\/span><\/li>\r\n<\/ul>\r\n<\/div>\r\n<h4><\/h4>\r\n<h4><strong>Caratteristiche tecniche <\/strong><strong>di Calido pensile<\/strong><\/h4>\r\n<div id=\"Refrigerante_R134A\" class=\"el-item uk-margin uk-scrollspy-inview \">\r\n<div class=\"uk-grid\">\r\n<div class=\"uk-width-expand@m\">\r\n<div class=\"uk-flex-middle uk-grid\">\r\n<div class=\"uk-width-expand@m\">\r\n<h4 class=\"el-title\">REFRIGERANTE R134A<\/h4>\r\n<\/div>\r\n<\/div>\r\n<div class=\"bottom-border\"><span style=\"color: #333333;font-size: 18px\">CLASSE ENERGETICA<\/span><\/div>\r\n<\/div>\r\n<\/div>\r\n<\/div>\r\n<div id=\"Classe_energetica\" class=\"el-item uk-margin uk-scrollspy-inview \">\r\n<div class=\"uk-grid\">\r\n<div class=\"uk-width-expand@m\">\r\n<div class=\"el-content uk-panel uk-margin\">Il risparmio energetico \u00e8 stato considerato come fondamentale aspetto nella fase di studio e di progettazione delle unit\u00e0. Il ridotto assorbimento elettrico unito all'elevata efficienza del binomio compressori-scambiatori e l'impiego del gas refrigerante ecologico garantiscono l'appartenenza alla classe energetica A.<\/div>\r\n<div class=\"bottom-border\"><\/div>\r\n<\/div>\r\n<\/div>\r\n<\/div>\r\n<div id=\"Acqua_Calda_Sanitaria\" class=\"el-item uk-margin uk-scrollspy-inview \">\r\n<div class=\"uk-grid\">\r\n<div class=\"uk-width-auto@m item-index uk-first-column\"><span style=\"color: #333333;font-size: 18px\">ACQUA CALDA SANITARIA<\/span><\/div>\r\n<div class=\"uk-width-expand@m\">\r\n<div class=\"el-content uk-panel uk-margin\">L\u2019installazione di un scambiatore aggiuntivo funzionante da condensatore in parallelo alla batteria condensante ad aria permette la produzione di acqua calda sanitaria indipendentemente dalla modalit\u00e0 di funzionamento dell\u2019unit\u00e0.<\/div>\r\n<div class=\"bottom-border\"><\/div>\r\n<\/div>\r\n<\/div>\r\n<\/div>\r\n<div id=\"Resistenza_elettrica_integrativa\" class=\"el-item uk-margin uk-scrollspy-inview \">\r\n<div class=\"uk-grid\">\r\n<div class=\"uk-width-auto@m item-index uk-first-column\"><span style=\"color: #333333;font-size: 18px\">RESISTENZA ELETTRICA INTEGRATIVA<\/span><\/div>\r\n<div class=\"uk-width-expand@m\">\r\n<div class=\"el-content uk-panel uk-margin\">Resistenza elettrica integrativa<\/div>\r\n<\/div>\r\n<\/div>\r\n<div><\/div>\r\n<div class=\"uk-grid\">\r\n<div class=\"uk-width-expand@m\">\r\n<div><\/div>\r\n<\/div>\r\n<\/div>\r\n<\/div>\r\n<strong>Caratteristiche Costruttive<\/strong>\r\n\u2022 Bollitore con capacita acqua di 110 litri, realizzato in acciaio S235\r\nJR con trattamento interno di vetrificazione, coibentazione in\r\npoliuretano espanso rigido (PU) ad alto spessore esente da CFC\r\ne HCFC.\r\n\u2022 Rivestimento esterno in lamiera verniciata con polveri epossidiche\r\n(colore bianco).\r\n\u2022 Staffe di ancoraggio per l\u2019installazione a muro.\r\n\u2022 Anodo al magnesio per la protezione alla corrosione.\r\n\u2022 Raccordi idraulici posizionati nella parte inferiore.\r\n\u2022 Condensatore avvolto al bollitore in acciaio (non immerso in acqua).\r\n\u2022 Resistenza elettrica integrata da 1,5 kW 230V~ attivabile tramite\r\ncomando posto nel pannello di controllo per riscaldare l\u2019acqua da\r\n60\u00b0C (temperatura max con la sola pompa di calore) a 70\u00b0C.\r\n\u2022 Compressore rotativo per la massima efficienza e silenziosit\u00e0\r\ndell\u2019unit\u00e0.\r\n\u2022 Ventilatore centrifugo per la canalizzazione dell\u2019aria necessaria al\r\ncorretto funzionamento della pompa di calore.\r\n\u2022 Evaporatore a pacco alettato.\r\n\u2022 Fluido refrigerante R134a.\r\n\u2022 Termostato di sicurezza tarato a +85\u00b0C\r\n\u2022 Contatto ON-OFF per avviare l\u2019unit\u00e0 da interruttore esterno\r\n\u2022 Controllo elettronico munito di pannello comandi completo di\r\ndisplay touch LCD, indicatore di temperatura acqua, indicatore\r\nluminoso di funzionamento pompa di calore e resistenza elettrica,\r\ncomandi con indicatori per l\u2019attivazione delle diverse modalit\u00e0 di\r\nfunzionamento, segnalazioni di eventuali malfunzionamenti allarmi,\r\nin particolare:\r\n\u2022 Funzione antilegionella,\r\n\u2022 Impostazione \/ visualizzazione ora e giorno,\r\n\u2022 Set della temperatura dell\u2019acqua calda.\r\n\r\n<strong><span style=\"color: #333300\">Accessori Serie<\/span><\/strong>\r\n\u2022 Staffa per il fissaggio a muro\r\n\u2022 Viti e tasselli di fissaggio\r\n\u2022 Distanziali per appoggio a muro\r\n\u2022 Giunti dielettrici\r\n\r\nAccessori Forniti Separatamente\r\n\u2022 Antivibranti per l\u2019installazione a terra\r\n\r\nClasse energetica (1):\u00a0 A+\r\nProfilo di carico dichiarato:\u00a0 M\r\nCOP<sub>DHW<\/sub>(ERP) (1): 3.01\r\nTempo di riscaldamento: h:min 6:53\r\nEnergia assorbita in riscaldamento: kWh 1.58\r\nConsumo elettrico annuale(Condizione climatica temperato): kWh\/year 462\r\nPortata aria: m\u00b3\/h 300\r\nPressione statica: Pa 60\r\nPotenza elettrica nominale:\u00a0 W\u00a0 236 (3) [+1500 (2)]\r\nPotenza elettrica nominale (Resistenza): W\u00a0 1500\r\nCorrente (nominale):\u00a0 A\u00a0 1.14 (3) [+6.5 (2)]\r\nCorrente massima:\u00a0 A\u00a0 1.81 (3) [+6.5 (2)]\r\nAlimentazione elettrica:\u00a0 V\/Ph\/Hz\u00a0 220-240~\/1\/50\r\nMassima temperatura d'uscita senza resistenza di integrazione:\u00a0 \u00b0C\u00a0 60\r\nTipo refrigerante \/ Carica \/ GWP:\u00a0 \u00a0\u2026\/g \/\u2026\u00a0 R134a\/650\/1430\r\nTonnellate di CO2 equivalenti:\u00a0 t\u00a0 0,93\r\nPressione massima refrigerante in aspirazione e mandata:\u00a0 Bar\u00a0 0.2\/25\r\nTaratura valvola di sicurezza: Bar 8\r\nDiamentro connessioni idrauliche:\u00a0 G 1\/2\" M\r\nVolume nominale serbatoio: L 110\r\nTrattamento interno serbatoio: Vetrificato\r\nPotenza sonora: dB (A) 48.5\r\nPeso netto: kg 62\r\nPeso lordo (con serbatoio riempito): kg 172\r\nDimensione netta (LxHxP): mm 500x1406x520\r\nDimensione imballo (LxHxP): mm 550x1460x550\r\nDiametro condotto: mm 125\r\nGrado di protezione: IPX1\r\nRange di temperatura operativa: \u00b0C -5~43\r\n\r\n(1) Serbatoio a temperatura ambiente 20\u00b0C, aria in ingresso canalizzata 7\u00b0C DB, 6\u00b0C BU,\r\ntemperatura dell\u2019acqua in ingresso 10\u00b0C e set serbatoio a 55\u00b0C.\r\n(2) Dati della resistenza elettrica\r\n(3) Temperatura ambiente 20\u00b0C, temperatura acqua da 15\u00b0C a 55\u00b0C","_et_gb_content_width":""},"product_brand":[],"product_cat":[205,204],"product_tag":[],"class_list":{"0":"post-1100","1":"product","2":"type-product","3":"status-publish","4":"has-post-thumbnail","6":"product_cat-heat-water-en","7":"product_cat-heating-en","8":"pa_brand-maxa-en","10":"first","11":"instock","12":"sale","13":"taxable","14":"shipping-taxable","15":"purchasable","16":"product-type-simple"},"jetpack_sharing_enabled":true,"_links":{"self":[{"href":"https:\/\/www.idroeco.com\/en\/wp-json\/wp\/v2\/product\/1100","targetHints":{"allow":["GET"]}}],"collection":[{"href":"https:\/\/www.idroeco.com\/en\/wp-json\/wp\/v2\/product"}],"about":[{"href":"https:\/\/www.idroeco.com\/en\/wp-json\/wp\/v2\/types\/product"}],"replies":[{"embeddable":true,"href":"https:\/\/www.idroeco.com\/en\/wp-json\/wp\/v2\/comments?post=1100"}],"wp:featuredmedia":[{"embeddable":true,"href":"https:\/\/www.idroeco.com\/en\/wp-json\/wp\/v2\/media\/801"}],"wp:attachment":[{"href":"https:\/\/www.idroeco.com\/en\/wp-json\/wp\/v2\/media?parent=1100"}],"wp:term":[{"taxonomy":"product_brand","embeddable":true,"href":"https:\/\/www.idroeco.com\/en\/wp-json\/wp\/v2\/product_brand?post=1100"},{"taxonomy":"product_cat","embeddable":true,"href":"https:\/\/www.idroeco.com\/en\/wp-json\/wp\/v2\/product_cat?post=1100"},{"taxonomy":"product_tag","embeddable":true,"href":"https:\/\/www.idroeco.com\/en\/wp-json\/wp\/v2\/product_tag?post=1100"}],"curies":[{"name":"wp","href":"https:\/\/api.w.org\/{rel}","templated":true}]}}